{"id":607,"date":"2015-12-07T11:45:05","date_gmt":"2015-12-07T11:45:05","guid":{"rendered":"http:\/\/psicologiasantandreu.es\/wordpress\/?page_id=607"},"modified":"2024-05-21T13:31:15","modified_gmt":"2024-05-21T13:31:15","slug":"neurofeedback-esp","status":"publish","type":"page","link":"http:\/\/psicologiasantandreu.es\/wordpress\/neurofeedback-esp\/","title":{"rendered":"NEUROFEEDBACK"},"content":{"rendered":"<p>El <b>Neurofeedback<\/b> es una intervenci\u00f3n terap\u00e9utica basada en el Electroencefalograma, que nos permite entrenar y<b> regular<\/b> la actividad el\u00e9ctrica cerebral. Esta regulaci\u00f3n es muy efectiva en el tratamiento de diferentes trastornos psicol\u00f3gicos. Pero en general, todas las personas pueden beneficia de ella, ya que la actividad neuronal de cualquier individuo puede mejorarse para optimizar su rendimiento.<\/p>\n<p><img loading=\"lazy\" decoding=\"async\" class=\"size-full wp-image-686 alignright\" src=\"http:\/\/psicologiasantandreu.es\/wordpress\/wp-content\/uploads\/2015\/12\/imatge-per-web-nfb-verdet.jpg\" alt=\"imatge per web nfb verdet\" width=\"327\" height=\"268\" srcset=\"http:\/\/psicologiasantandreu.es\/wordpress\/wp-content\/uploads\/2015\/12\/imatge-per-web-nfb-verdet.jpg 327w, http:\/\/psicologiasantandreu.es\/wordpress\/wp-content\/uploads\/2015\/12\/imatge-per-web-nfb-verdet-300x245.jpg 300w\" sizes=\"(max-width: 327px) 100vw, 327px\" \/><\/p>\n<p>Gracias a las investigaciones y avances en neurociencia, sabemos que todo sufrimiento emocional correlaciona con una desregulaci\u00f3n neurofisiol\u00f3gica. Por tanto, la regulaci\u00f3n aporta un <b>beneficio significativo en cualquier trastorno<\/b> o desorden ps\u00edquico. Se ha aplicado con \u00e9xito en personas que padecen d\u00e9ficits atencionales, estados de ansiedad, depresi\u00f3n, des\u00f3rdenes del sue\u00f1o, adicciones, dolor cr\u00f3nico, etc. Por otra parte, tambi\u00e9n pueden beneficiarse de ella personas que por su profesi\u00f3n y estilo de vida est\u00e1n expuestos a <b>altos niveles de estr\u00e9s<\/b> (deportistas de \u00e9lite, ejecutivos y otros profesionales&#8230;).<\/p>\n<p>El Neurofeedback es un <b>m\u00e9todo no invasivo<\/b>, ya que la persona no recibe ning\u00fan tipo de estimulaci\u00f3n, sino una informaci\u00f3n directa y en tiempo real, en formato visual y\/o auditivo de determinados par\u00e1metros de su actividad el\u00e9ctrica cerebral, que le permitir\u00e1 modificarla y reconducirla de manera gradual hacia un <b>funcionamiento m\u00e1s eficiente y estable<\/b>.<\/p>\n<p><b>Inicialmente<\/b> se hace una evaluaci\u00f3n del funcionamiento basal del cerebro colocando unos sensores en determinadas localizaciones de la cabeza para medir y registrar la actividad el\u00e9ctrica cerebral, a trav\u00e9s de un EEG.<\/p>\n<p>Las se\u00f1ales el\u00e9ctricas obtenidas son procesadas \u200b\u200bpor un equipo inform\u00e1tico. Con este an\u00e1lisis podemos determinar las \u00e1reas donde el funcionamiento de las ondas cerebrales es disfuncional y donde no.<\/p>\n<p>Hay una correlaci\u00f3n entre esta actividad el\u00e9ctrica y determinados s\u00edntomas, como malestar, estr\u00e9s o trastornos diversos; en la medida en que \u00e9stos est\u00e1n afectados por un problema de desregulaci\u00f3n.<\/p>\n<p>Con esta informaci\u00f3n obtenida, se propone un plan de intervenci\u00f3n ajustando en cada caso los protocolos de entrenamiento, y la cantidad y frecuencia de sesiones.<\/p>\n<p><b>Las sesiones de entrenamiento<\/b> consistir\u00e1n en ubicar los sensores en las localizaciones seleccionadas. Estos sensores ir\u00e1n leyendo la actividad neuroel\u00e9ctrica que se va produciendo mientras la persona observa unas im\u00e1genes, escucha una m\u00fasica o ve una pel\u00edcula. Cuando la actividad neuroel\u00e9ctrica de su cerebro est\u00e1 desregulada y no se ajusta a lo que hemos programado, estos est\u00edmulos visuales y\/o auditivos se ver\u00e1n y escuchar\u00e1n distorsionados; en cambio cuando el cerebro ajusta su actividad el\u00e9ctrica de forma funcional las im\u00e1genes, la m\u00fasica o la pel\u00edcula se podr\u00e1n ver y escuchar con nitidez.<\/p>\n<p>Es con la ayuda de estos programas inform\u00e1ticos (videojuegos, m\u00fasica, pel\u00edculas) que nuestro cerebro hace este proceso de aprendizaje. Podemos decir literalmente que es nuestro cerebro que los maneja.<\/p>\n<p>El Neurofeedback tiene un <b>amplio aval emp\u00edrico<\/b> que demuestra su eficacia y se est\u00e1 aplicando en diversas \u00e1reas.<\/p>\n<p>Cuando regulamos la actividad cerebral, conseguimos una mejora, un bienestar generalizado. Esto es v\u00e1lido en diferentes trastornos emocionales como la <b>ansiedad<\/b>, la <b>depresi\u00f3n<\/b>, dolores de cabeza y <b>migra\u00f1as<\/b>, <b>des\u00f3rdenes del sue\u00f1o<\/b>, <b>fatiga cr\u00f3nica<\/b>, <b>fibromialgia<\/b>, <b>adicciones<\/b>, <b>impulsividad<\/b>, etc.<\/p>\n<p>Tambi\u00e9n puede ayudar a personas que sufren <b>da\u00f1o cerebral<\/b>, <b>epilepsia<\/b> y <b>autismo<\/b>.<\/p>\n<p>Es muy efectivo en <b>d\u00e9ficit de atenci\u00f3n<\/b> con o sin hiperactividad (TDA \/ H) y es <b>aplicable en todas las edades.<\/b><\/p>\n<p>En personas mayores ayuda a tener y mantener una buena funci\u00f3n cerebral.<\/p>\n<p>Permite lograr mejoras notables en diversas disciplinas, como las artes, el deporte y los negocios, ya que ayuda a aprovechar y mejorar el rendimiento.<\/p>\n<p>Dependiendo de cada caso el entrenamiento con NFB puede ser suficiente para mejorar los s\u00edntomas y\/o el rendimiento. En otros puede ayudar a hacer m\u00e1s eficientes las intervenciones psicoterap\u00e9uticas que deban iniciarse o que ya est\u00e9n en curso, ya que cualquier modalidad terap\u00e9utica es mucho m\u00e1s efectiva y r\u00e1pida cuando tenemos un cerebro regulado. Las personas medicadas con psicof\u00e1rmacos tambi\u00e9n pueden beneficiarse del Neurofeedback, y en determinados casos pueden disminuir o incluso llegar a retirar la medicaci\u00f3n.<\/p>\n<p>En general el entrenamiento con Neurofeedback <b>potencia habilidades<\/b> internas tales como<\/p>\n<p>\u2022 Toma de decisiones y mejora del tiempo de reacci\u00f3n.<br \/>\n\u2022 La memoria y la capacidad de aprendizaje.<br \/>\n\u2022 La creatividad, la autoestima, la asertividad y el autocontrol.<br \/>\n\u2022 Tolerancia al <b>estr\u00e9s<\/b>.<\/p>\n<p>El desarrollo de la autoconciencia y de la inteligencia emocional, junto con la mejor integraci\u00f3n cuerpo-mente que esta t\u00e9cnica nos aporta, se traduce en una mejora significativa del <b>bienestar psicol\u00f3gico general<\/b>.<\/p>\n<h3 style=\"text-align: right;\"><span style=\"color: #993300;\"> <em><strong><a title=\"acceso directo a nuestra p\u00e1gina WEB\" href=\"http:\/\/psicologiasantandreu.es\/esp\/inicio.html\" target=\"_blank\" rel=\"noopener\"><span style=\"color: #993300;\">encontrar\u00e1s m\u00e1s informaci\u00f3n en nuesta p\u00e1gina WEB, puedes clicar aqu\u00ed<\/span><\/a><\/strong><\/em><\/span><\/h3>\n","protected":false},"excerpt":{"rendered":"<p>El Neurofeedback es una intervenci\u00f3n terap\u00e9utica basada en el Electroencefalograma, que nos permite entrenar y regular la actividad el\u00e9ctrica cerebral. Esta regulaci\u00f3n es muy efectiva en el tratamiento de diferentes trastornos psicol\u00f3gicos. Pero en general, todas las personas pueden beneficia de ella, ya que la actividad neuronal de cualquier individuo puede mejorarse para optimizar su [&hellip;]<\/p>\n","protected":false},"author":2,"featured_media":0,"parent":0,"menu_order":0,"comment_status":"closed","ping_status":"closed","template":"","meta":{"footnotes":""},"_links":{"self":[{"href":"http:\/\/psicologiasantandreu.es\/wordpress\/wp-json\/wp\/v2\/pages\/607"}],"collection":[{"href":"http:\/\/psicologiasantandreu.es\/wordpress\/wp-json\/wp\/v2\/pages"}],"about":[{"href":"http:\/\/psicologiasantandreu.es\/wordpress\/wp-json\/wp\/v2\/types\/page"}],"author":[{"embeddable":true,"href":"http:\/\/psicologiasantandreu.es\/wordpress\/wp-json\/wp\/v2\/users\/2"}],"replies":[{"embeddable":true,"href":"http:\/\/psicologiasantandreu.es\/wordpress\/wp-json\/wp\/v2\/comments?post=607"}],"version-history":[{"count":11,"href":"http:\/\/psicologiasantandreu.es\/wordpress\/wp-json\/wp\/v2\/pages\/607\/revisions"}],"predecessor-version":[{"id":779,"href":"http:\/\/psicologiasantandreu.es\/wordpress\/wp-json\/wp\/v2\/pages\/607\/revisions\/779"}],"wp:attachment":[{"href":"http:\/\/psicologiasantandreu.es\/wordpress\/wp-json\/wp\/v2\/media?parent=607"}],"curies":[{"name":"wp","href":"https:\/\/api.w.org\/{rel}","templated":true}]}}