{"id":604,"date":"2015-12-07T11:33:31","date_gmt":"2015-12-07T11:33:31","guid":{"rendered":"http:\/\/psicologiasantandreu.es\/wordpress\/?page_id=604"},"modified":"2024-05-21T13:30:35","modified_gmt":"2024-05-21T13:30:35","slug":"mindfulness-esp","status":"publish","type":"page","link":"http:\/\/psicologiasantandreu.es\/wordpress\/mindfulness-esp\/","title":{"rendered":"MINDFULNESS"},"content":{"rendered":"<p><b>QUE ES MINDFULNESS?<\/b><\/p>\n<p><a href=\"http:\/\/psicologiasantandreu.es\/wordpress\/wp-content\/uploads\/2015\/12\/gota.jpg\"><img loading=\"lazy\" decoding=\"async\" class=\"size-full wp-image-683 alignleft\" src=\"http:\/\/psicologiasantandreu.es\/wordpress\/wp-content\/uploads\/2015\/12\/gota.jpg\" alt=\"gota\" width=\"273\" height=\"185\" \/><\/a>Mindfulness o Atenci\u00f3n Plena es algo esencial en el ser humano, y sus profundos beneficios pueden llegar a todo el que lo ponga en pr\u00e1ctica.<br \/>\nCuando hablamos de mindfulness nos estamos refiriendo a un conjunto de pr\u00e1cticas de meditaci\u00f3n, las cuales ayudan a regular el equilibrio emocional y la flexibilidad de nuestras respuestas ante las diferentes situaciones que la vida (personal, familiar, laboral&#8230;) nos presenta.<br \/>\n<b><i>\u201cEs muy importante que reaprendamos el arte de descansar y relajarnos. No solo ayuda a prevenir la aparici\u00f3n de muchas enfermedades que se desarrollan por la tensi\u00f3n cr\u00f3nica y preocupaci\u00f3n; permite aclarar nuestras mentes, centrarnos y buscar soluciones creativas a problemas.\u201d<\/i><\/b> Thich Nhat Hanh<\/p>\n<p><span style=\"color: #ff0000;\">\u00a0<\/span><\/p>\n<p>La meditaci\u00f3n es la capacidad humana de observarse a s\u00ed misma, y \u200b\u200bda la oportunidad de comprender la propia vida interior (pensamientos, emociones y sensaciones f\u00edsicas) con mayor claridad, reconoci\u00e9ndola tal cual es, sin juzgarla ni huir de ella. Darnos cuenta de muchos funcionamientos autom\u00e1ticos y reactivos de nuestra manera de hacer y de vivir, nos permite realizar cambios de forma consciente.<br \/>\nHacernos presentes como observadores de esta experiencia nos ayuda a gestionar nuestro sufrimiento y a aumentar la regulaci\u00f3n emocional, el autocuidado y los factores de resiliencia. Como resultado aumenta nuestra capacidad para tomar mejores decisiones ante las circunstancias adversas que la vida nos depara.<\/p>\n<p>En este sentido, la pr\u00e1ctica de mindfulness ayuda a:<\/p>\n<p style=\"padding-left: 30px;\">\u2022 reducir los niveles de ansiedad, de irritabilidad y estr\u00e9s;<br \/>\n\u2022 combatir la tristeza, el cansancio mental&#8230;<br \/>\n\u2022 transforma nuestro cerebro ya que permite generar nuevas conexiones neuronales;<br \/>\n\u2022 nos impregna de entereza y serenidad para hacer frente a las exigencias del mundo fren\u00e9tico que nos rodea;<br \/>\n\u2022 y nos permite mejorar nuestras relaciones con nosotros mismos y con los dem\u00e1s.<\/p>\n<p>En definitiva, es una herramienta muy potente que nos ayuda a desarrollar o fortalecer nuestra salud mental.<\/p>\n<p><b><i>\u201cCon la meditaci\u00f3n sabes c\u00f3mo cuidar de las cosas que ocurren en tu interior y sabes c\u00f3mo cuidar de las cosas que ocurren a tu alrededor\u201d.<\/i><\/b><i> <\/i>Thich Nhat Hanh<i> <\/i><\/p>\n<p><span style=\"color: #ff0000;\">\u00a0<\/span><\/p>\n<h3 style=\"text-align: right;\"><a title=\"en nuestra pagina WEB encontraras mas informaci\u00f3n, puedes clicar aqu\u00ed\" href=\"http:\/\/www.psicologiasantandreu.es\/esp\/inicio.html\" target=\"_blank\" rel=\"noopener\"><span style=\"color: #993300;\"><em>\u00a0<\/em><em><span style=\"color: #993300;\">en nuestra p\u00e1gina WEB encontrar\u00e1s m\u00e1s informaci\u00f3n, puedes clicar aqu\u00ed<\/span><\/em><\/span><\/a><\/h3>\n","protected":false},"excerpt":{"rendered":"<p>QUE ES MINDFULNESS? Mindfulness o Atenci\u00f3n Plena es algo esencial en el ser humano, y sus profundos beneficios pueden llegar a todo el que lo ponga en pr\u00e1ctica. Cuando hablamos de mindfulness nos estamos refiriendo a un conjunto de pr\u00e1cticas de meditaci\u00f3n, las cuales ayudan a regular el equilibrio emocional y la flexibilidad de nuestras [&hellip;]<\/p>\n","protected":false},"author":2,"featured_media":0,"parent":0,"menu_order":0,"comment_status":"closed","ping_status":"closed","template":"","meta":{"footnotes":""},"_links":{"self":[{"href":"http:\/\/psicologiasantandreu.es\/wordpress\/wp-json\/wp\/v2\/pages\/604"}],"collection":[{"href":"http:\/\/psicologiasantandreu.es\/wordpress\/wp-json\/wp\/v2\/pages"}],"about":[{"href":"http:\/\/psicologiasantandreu.es\/wordpress\/wp-json\/wp\/v2\/types\/page"}],"author":[{"embeddable":true,"href":"http:\/\/psicologiasantandreu.es\/wordpress\/wp-json\/wp\/v2\/users\/2"}],"replies":[{"embeddable":true,"href":"http:\/\/psicologiasantandreu.es\/wordpress\/wp-json\/wp\/v2\/comments?post=604"}],"version-history":[{"count":13,"href":"http:\/\/psicologiasantandreu.es\/wordpress\/wp-json\/wp\/v2\/pages\/604\/revisions"}],"predecessor-version":[{"id":778,"href":"http:\/\/psicologiasantandreu.es\/wordpress\/wp-json\/wp\/v2\/pages\/604\/revisions\/778"}],"wp:attachment":[{"href":"http:\/\/psicologiasantandreu.es\/wordpress\/wp-json\/wp\/v2\/media?parent=604"}],"curies":[{"name":"wp","href":"https:\/\/api.w.org\/{rel}","templated":true}]}}