{"id":589,"date":"2015-12-07T11:05:16","date_gmt":"2015-12-07T11:05:16","guid":{"rendered":"http:\/\/psicologiasantandreu.es\/wordpress\/?page_id=589"},"modified":"2024-05-21T13:06:38","modified_gmt":"2024-05-21T13:06:38","slug":"mindfulness-cat","status":"publish","type":"page","link":"http:\/\/psicologiasantandreu.es\/wordpress\/mindfulness-cat\/","title":{"rendered":"MINDFULNESS"},"content":{"rendered":"<p><b>QUE \u00c9S MINDFULNESS?<\/b><\/p>\n<p><a href=\"http:\/\/psicologiasantandreu.es\/wordpress\/wp-content\/uploads\/2015\/12\/gota.jpg\"><img loading=\"lazy\" decoding=\"async\" class=\"size-full wp-image-683 alignleft\" src=\"http:\/\/psicologiasantandreu.es\/wordpress\/wp-content\/uploads\/2015\/12\/gota.jpg\" alt=\"gota\" width=\"273\" height=\"185\" \/><\/a>Mindfulness o Atenci\u00f3 Plena es quelcom essencial en l\u2019esser hum\u00e0, i els seus profunds beneficis poden arribar a tothom que ho posi en pr\u00e0ctica.<br \/>\nQuan parlem de mindfulness ens estem referint a un conjunt de pr\u00e0ctiques de meditaci\u00f3, les quals ajuden a regular l\u2019equilibri emocional i la flexibilitat de les nostres respostes davant les diferents situacions que la vida (personal, familiar, laboral&#8230;) ens presenta.<br \/>\n<b><i>\u201c\u00c9s molt important que aprenguem l&#8217;art de descansar i relaxar-nos. No nom\u00e9s ajuda a prevenir l&#8217;aparici\u00f3 de moltes malalties que es desenvolupen per la tensi\u00f3 cr\u00f2nica i preocupaci\u00f3; permet aclarir les nostres ments, centrar-nos i buscar solucions creatives a problemes\u201d.<\/i><\/b> Thich Nhat Hanh<\/p>\n<p><span style=\"color: #ff0000;\">\u00a0<\/span><\/p>\n<p>La meditaci\u00f3 es la capacitat humana d\u2019observar-se a s\u00ed mateixa, i dona la oportunitat de comprendre la pr\u00f2pia vida interior (pensaments, emocions i sensacions f\u00edsiques) amb major claredat, reconeixent-la tal qual es, sense jutjar-la ni fugir-ne. Adonar-nos de molts funcionaments autom\u00e0tics i reactius de la nostra manera de fer i de viure, ens permet realitzar canvis de manera conscient.<br \/>\nFer-nos presents com a observadors d\u2019aquesta experi\u00e8ncia ens ajuda a gestionar el nostre patiment i a augmentar la regulaci\u00f3 emocional, l\u2019autocura i els factors de resili\u00e8ncia. Com a resultat augmenta la nostra capacitat per prendre millors decisions davant de les circumstancies adverses que la vida ens depara.<\/p>\n<p>En aquest sentit, la pr\u00e0ctica de mindfulness ajuda a:<\/p>\n<p style=\"padding-left: 30px;\">\u2022\u00a0 reduir els nivells d\u2019ansietat, d\u2019irritabilitat i d\u2019estr\u00e8s;<br \/>\n\u2022\u00a0 combatre la tristesa, el cansament mental&#8230;<br \/>\n\u2022\u00a0 transforma el nostre cervell ja que permet generar noves connexions neuronals;<br \/>\n\u2022\u00a0 ens impregna d\u2019enteresa i serenitat per fer front a les exig\u00e8ncies del mon fren\u00e8tic que ens envolta ;<br \/>\n\u2022\u00a0 i ens permet millorar les nostres relacions amb nosaltres mateixos i amb els altres.<\/p>\n<p>En definitiva, es una eina molt potent que ens ajuda a desenvolupar o enfortir la nostra salut mental.<\/p>\n<p><b><i>\u201cAmb la meditaci\u00f3 saps com tenir cura de les coses que passen en el teu interior i saps com tenir cura de les coses que passen al teu voltant\u00bb.<\/i><\/b><i> <\/i>Thich Nhat Hanh<i> <\/i><\/p>\n<p><span style=\"color: #ff0000;\">\u00a0<\/span><\/p>\n<h3 style=\"text-align: right;\"><a title=\"a la nostra web hi trobareu mes informaci\u00f3, podeu clicar aqui\" href=\"http:\/\/www.psicologiasantandreu.es\/index.html\"><span style=\"color: #993300;\"><em>\u00a0<\/em><em><span style=\"color: #993300;\">a la nostra web hi trobareu mes informaci\u00f3, podeu clicar aqui<\/span><\/em><\/span><\/a><\/h3>\n","protected":false},"excerpt":{"rendered":"<p>QUE \u00c9S MINDFULNESS? Mindfulness o Atenci\u00f3 Plena es quelcom essencial en l\u2019esser hum\u00e0, i els seus profunds beneficis poden arribar a tothom que ho posi en pr\u00e0ctica. Quan parlem de mindfulness ens estem referint a un conjunt de pr\u00e0ctiques de meditaci\u00f3, les quals ajuden a regular l\u2019equilibri emocional i la flexibilitat de les nostres respostes [&hellip;]<\/p>\n","protected":false},"author":2,"featured_media":0,"parent":0,"menu_order":0,"comment_status":"closed","ping_status":"closed","template":"","meta":{"footnotes":""},"_links":{"self":[{"href":"http:\/\/psicologiasantandreu.es\/wordpress\/wp-json\/wp\/v2\/pages\/589"}],"collection":[{"href":"http:\/\/psicologiasantandreu.es\/wordpress\/wp-json\/wp\/v2\/pages"}],"about":[{"href":"http:\/\/psicologiasantandreu.es\/wordpress\/wp-json\/wp\/v2\/types\/page"}],"author":[{"embeddable":true,"href":"http:\/\/psicologiasantandreu.es\/wordpress\/wp-json\/wp\/v2\/users\/2"}],"replies":[{"embeddable":true,"href":"http:\/\/psicologiasantandreu.es\/wordpress\/wp-json\/wp\/v2\/comments?post=589"}],"version-history":[{"count":34,"href":"http:\/\/psicologiasantandreu.es\/wordpress\/wp-json\/wp\/v2\/pages\/589\/revisions"}],"predecessor-version":[{"id":770,"href":"http:\/\/psicologiasantandreu.es\/wordpress\/wp-json\/wp\/v2\/pages\/589\/revisions\/770"}],"wp:attachment":[{"href":"http:\/\/psicologiasantandreu.es\/wordpress\/wp-json\/wp\/v2\/media?parent=589"}],"curies":[{"name":"wp","href":"https:\/\/api.w.org\/{rel}","templated":true}]}}