{"id":454,"date":"2014-03-05T09:49:26","date_gmt":"2014-03-05T09:49:26","guid":{"rendered":"http:\/\/psicologiasantandreu.es\/wordpress\/?page_id=454"},"modified":"2014-03-10T22:42:06","modified_gmt":"2014-03-10T22:42:06","slug":"el-dol","status":"publish","type":"page","link":"http:\/\/psicologiasantandreu.es\/wordpress\/el-dol\/","title":{"rendered":"Que \u00e9s el dol?"},"content":{"rendered":"<p><span style=\"line-height: 1.5em;\">El dol \u00e9s el proc\u00e9s <\/span><b style=\"line-height: 1.5em;\">normal<\/b><span style=\"line-height: 1.5em;\"> d\u2019elaboraci\u00f3 d\u2019una p\u00e8rdua, que te per objectiu l\u2019adaptaci\u00f3 i harmonitzaci\u00f3 de la situaci\u00f3\u00a0<\/span><span style=\"line-height: 1.5em;\">interna i externa de la persona en dol a la nova realitat.<\/span><\/p>\n<figure id=\"attachment_464\" aria-describedby=\"caption-attachment-464\" style=\"width: 300px\" class=\"wp-caption alignleft\"><a href=\"http:\/\/psicologiasantandreu.es\/wordpress\/wp-content\/uploads\/2014\/03\/el-dol-6060.jpg\"><img loading=\"lazy\" decoding=\"async\" class=\"size-medium wp-image-464\" alt=\"el dol\" src=\"http:\/\/psicologiasantandreu.es\/wordpress\/wp-content\/uploads\/2014\/03\/el-dol-6060-300x168.jpg\" width=\"300\" height=\"168\" srcset=\"http:\/\/psicologiasantandreu.es\/wordpress\/wp-content\/uploads\/2014\/03\/el-dol-6060-300x168.jpg 300w, http:\/\/psicologiasantandreu.es\/wordpress\/wp-content\/uploads\/2014\/03\/el-dol-6060-1024x576.jpg 1024w, http:\/\/psicologiasantandreu.es\/wordpress\/wp-content\/uploads\/2014\/03\/el-dol-6060.jpg 1555w\" sizes=\"(max-width: 300px) 100vw, 300px\" \/><\/a><figcaption id=\"caption-attachment-464\" class=\"wp-caption-text\">el dol<\/figcaption><\/figure>\n<p>Es caracteritza per l\u2019aparici\u00f3 de pensaments,\u00a0 sentiments i comportaments \u00a0diferents dels habituals, causats per la mort de l\u2019\u00e9sser estimat. \u201cQuan alg\u00fa important es mor, una part de nosaltres mor amb ell\u201d i aix\u00f2, inevitablement, provoca dolor.<\/p>\n<p><b>Malgrat\u00a0 que origina molt patiment, el dol \u00e9s normal<\/b>, i prepara per viure sense la pres\u00e8ncia f\u00edsica de la persona perduda.\u00a0 No sol ser necessari la utilitzaci\u00f3 de f\u00e0rmacs. <b>Per\u00f2 si el malestar \u00e9s excessiu\u00a0 cal demanar ajut , orientaci\u00f3 o suport psicol\u00f2gic o m\u00e8dic\/psiqui\u00e0tric.<\/b><\/p>\n<p><b>\u00a0<\/b>[doptoggle title=\u00bbLlegir mes &#8230;\u00bb icon=5 activeicon=6]<\/p>\n<dl class=\"wp-caption alignleft\" id=\"\" style=\"width: 310px;\">\n<dt class=\"wp-caption-dt\"><\/dt>\n<dd class=\"wp-caption-dd\"><\/dd>\n<\/dl>\n<p>&nbsp;<\/p>\n<dl class=\"wp-caption aligncenter\" id=\"\" style=\"width: 310px;\">\n<dt class=\"wp-caption-dt\"><\/dt>\n<dd class=\"wp-caption-dd\"><\/dd>\n<\/dl>\n<p>\u00a0<b>Reaccions normals que es poden tenir despr\u00e9s d\u2019una p\u00e8rdua<\/b><\/p>\n<figure style=\"width: 300px\" class=\"wp-caption alignright\"><a title=\"video entrevista dol i perdues afectives\" href=\"http:\/\/www.youtube.com\/watch?v=jvIXZAGfP4E\" target=\"_blank\"><img loading=\"lazy\" decoding=\"async\" alt=\"entrevista sobre el dol\" src=\"http:\/\/psicologiasantandreu.es\/wordpress\/wp-content\/uploads\/2014\/03\/foto-Merce-Video-FHSPC-3-300x200.jpg\" width=\"300\" height=\"200\" \/><\/a><figcaption class=\"wp-caption-text\">entrevista sobre el dol i perdues afectives a Merce Villegas, a Fundaci\u00f3 Hospital\u00e0ria Sant Pere Claver.<\/figcaption><\/figure>\n<p><span style=\"line-height: 1.5em;\">tristesa, enuig, culpa i auto- reprovaci\u00f3, bloqueig, ansietat, soledat, por a tenir la mateixa malaltia que el difunt, alleujament,cansament, impot\u00e8ncia, insensibilitat,\u00a0 confusi\u00f3, p\u00e8rdua del sentit de la vida, etc.<\/span><\/p>\n<p><b>Sensacions f\u00edsiques:<\/b><\/p>\n<p>opressi\u00f3 al pit, nus al coll, hipersensibilitat al soroll, manca d\u2019aire, debilitat muscular, manca d\u2019energia, sequedat a la boca, vuit a l&#8217;estomac, sensaci\u00f3 de despersonalitzaci\u00f3. Insomni, deca\u00efment, abatiment, etc.<\/p>\n<p><b>Conductes:<\/b><\/p>\n<p>Somniar amb la persona morta o no somiar-la mai,\u00a0 buscar-la i cridar-la en veu alta, evitar recordar-la, atresorar objectes que li pertanyien, plorar, sospirar, reprovar-li que l\u2019hagi deixat&#8230;<\/p>\n<p><b>Pensaments:<\/b><\/p>\n<p>Incredulitat, confusi\u00f3, preocupaci\u00f3, al\u00b7lucinacions breus, sentir la seva pres\u00e8ncia o la seva veu&#8230;<\/p>\n<p><b>\u00a0<\/b><\/p>\n<p><b>El dol, quant temps dura?<\/b><\/p>\n<p><span style=\"line-height: 1.5em;\">No hi ha un temps standard<\/span><b style=\"line-height: 1.5em;\"> . La duraci\u00f3 \u00e9s molt variable<\/b><span style=\"line-height: 1.5em;\">, segons la personalitat, la relaci\u00f3 amb la persona perduda, el moment vital que es viu, i el suport psicosocial, etc.<\/span><\/p>\n<p><b>En general, no dura menys d\u2019un any i els dos primers anys son els mes dolorosos. <\/b><\/p>\n<p>En moltes persones no sol sobrepassar els dos anys i mig.<\/p>\n<p>&nbsp;<\/p>\n<p><b>Factors que ajuden a preveure el grau de salut d\u2019un dol.<\/b><\/p>\n<figure style=\"width: 300px\" class=\"wp-caption alignright\"><a title=\"imagenes conferencia sobre dol i perdues afectives\" href=\"http:\/\/www.flickr.com\/photos\/fundsantpereclaver\/8115768857\/in\/set-72157631094339500\/\" target=\"_blank\"><img loading=\"lazy\" decoding=\"async\" alt=\"Conferencia informativa sobre dol i perdues afectives\" src=\"http:\/\/psicologiasantandreu.es\/wordpress\/wp-content\/uploads\/2014\/03\/foto-Merce-flicr-FHSPC-300x223.jpg\" width=\"300\" height=\"223\" \/><\/a><figcaption class=\"wp-caption-text\">Merce Villegas<br \/>Conferencia informativa sobre dol i perdues afectives. Fundacio Hospitalaria Sant Pere Claver.<\/figcaption><\/figure>\n<p>La qualitat de la relaci\u00f3 amb la persona morta (intima o distant, assumptes no resolts&#8230;)<\/p>\n<p>Forma de la mort (per malaltia o accident, sobtada o previsible)<\/p>\n<p>Personalitat de la persona en dol. (temperament, hist\u00f2ria pr\u00e8via, conflictes personals)<\/p>\n<p>Participaci\u00f3 o no en la cura de l\u2019\u00e9sser estimat abans de morir.<\/p>\n<p>Disponibilitat o no de recolzament social i familiar.<\/p>\n<p>Problemes concomitants (dificultats econ\u00f2miques, malalties, invalideses, etc.)<\/p>\n<p>Pautes culturals de l\u2019entorn (acceptaci\u00f3 o no del proc\u00e9s de dol)<\/p>\n<p>Edats extremes de les persones en dol (molt grans o molt joves)<\/p>\n<p>P\u00e8rdues m\u00faltiples o acumulades (perdre varies persones estimades al mateix temps o amb poc temps de durada).<\/p>\n<p>Possibilitat o no d\u2019ajut professional individual o de grup (capacitat de demanar ajut).<\/p>\n<p><b>\u00a0<\/b><\/p>\n<p><b>Etapes del dol normal<\/b><\/p>\n<p>1- Incredulitat: Par\u00e0lisi, negaci\u00f3 i confusi\u00f3.<\/p>\n<p>2- Regressi\u00f3: plor explosiu, desesperaci\u00f3.<\/p>\n<p>3- F\u00faria: amb el causant de la mort i amb el mort per aband\u00f3.<\/p>\n<p>4- Culpa: Per no haver-lo pogut salvar, per tot el que no es va fer, ni dir.<\/p>\n<p>5- Desolaci\u00f3 i tristesa: Impot\u00e8ncia, desassossec, pseudo-alucinacions, idealitzaci\u00f3, idea de ru\u00efna.<\/p>\n<p>6- Fecunditat: Identificaci\u00f3, acci\u00f3 dedicada i inspirada.<\/p>\n<p>7- Acceptaci\u00f3: Diferenciaci\u00f3 i interioritzaci\u00f3.<\/p>\n<p><b>\u00a0<\/b><\/p>\n<p><b>Dol patol\u00f2gic<\/b><\/p>\n<p>Es podria definir com d&#8217;interrupci\u00f3 (volunt\u00e0ria o no) del proc\u00e9s de dol normal, perqu\u00e8:<\/p>\n<p>El dol no comen\u00e7a.<\/p>\n<p>S\u2019atura a alguna de les etapes.<\/p>\n<p>Progressa, per\u00f2 rebota a una etapa anterior.<\/p>\n<p>Intenta evitar alguna etapa.<\/p>\n<p><b>El dol patol\u00f2gic \u00e9s sempre l\u2019expressi\u00f3 d\u2019una patologia pr\u00e8via, que impedeix transitar b\u00e9 per totes les fases del dol.<\/b><\/p>\n<p>Els dols patol\u00f2gics m\u00e9s comuns son:<\/p>\n<p><b>L\u2019abs\u00e8ncia de dol.<\/b><\/p>\n<p><b>El dol endarrerit.<\/b><\/p>\n<p><b>El dol fora de lloc.<\/b><\/p>\n<p><b>El dol cr\u00f2nic.<\/b><\/p>\n<p>En tots aquests dols, <b>cal derivar el pacient a l\u2019especialista<\/b>. I tamb\u00e9 si:<\/p>\n<p><b>Hi ha constants pensaments de mort.<\/b><\/p>\n<p><b>.Si hi ha algun s\u00edmptoma que cridi l\u2019atenci\u00f3: Aprimar-se o engreixar-se molt en poc temps, manca de concentraci\u00f3, insomni persistent, manca d\u2019aire, punxades al cor, etc.<\/b><\/p>\n<p><b>Si s\u2019ha tornat a beure, fumar o menjar molt m\u00e9s de l\u2019habitual<\/b>.<\/p>\n<p>&nbsp;<\/p>\n<p><b>Com podem ajudar a les persones en dol?<\/b><\/p>\n<p>Convidant a la persona en dol, a parlar de la p\u00e8rdua i les circumst\u00e0ncies en que es va produir.<\/p>\n<p>Dedicant temps, acompanyant en el dolor i mostrant disponibilitat.<\/p>\n<p>Comprenent, escoltant, i deixant parlar sobre el mateix, tants cops com sigui necessari.<\/p>\n<p>Compartint amb la persona que pateix els records de la persona estimada.<\/p>\n<p>Permetent l\u2019expressi\u00f3 i identificaci\u00f3\u00a0 de sentiments i emocions com la tristesa, la r\u00e0bia, l\u2019enuig,<\/p>\n<p>Deixant plorar sempre, sense interrompre mai el plor<\/p>\n<p>Evitant les frases fetes que no serveixen per res. Millor un gest o una mirada.<\/p>\n<p>Ajudant a viure sense la persona morta i a prendre les pr\u00f2pies decisions.<\/p>\n<p>Ajudant a independitzar-se (sense culpa) de la persona morta i a establir noves relacions.<\/p>\n<p>Ajudar a enfocar el dol en dates senyalades: (Nadals, aniversaris, etc.)<\/p>\n<p>Ajudar a la persona a entendre el seu propi estil de dol.<\/p>\n<p><b>Suggerir\u00a0 una consulta psicol\u00f2gica si la persona en dol s\u2019encalla molt en alguna etapa.<\/b><\/p>\n<p>&nbsp;<\/p>\n<p><b style=\"line-height: 1.5em;\">Guia per a familiars en dol<\/b><\/p>\n<p><span style=\"line-height: 1.5em;\">La majoria dels conceptes ac\u00ed expressats, provenen de <\/span><b style=\"line-height: 1.5em;\">\u201cla guia per a familiars en dol\u201d.\u00a0<\/b><\/p>\n<p>Vaig con\u00e8ixer\u00a0 aquesta guia a unes jornades sobre el dol a les que vaig assistir a Girona. Em va enamorar \u00a0tant\u00a0\u00a0 la senzillesa i claredat dels textes com la dels dibuixos, que vaig pensar que aquesta guia \u00a0seria un gran ajut per als meus pacients en estat de dol que acudien tant a l\u2019ambulatori com al centre de salut mental de Sants\u00a0 en els que treballo.<\/p>\n<p>Primer la vaig presentar als metges, infermeres i treballadora social de l\u2019ambulatori en un power point semblant\u00a0 al escrit anterior. A tots ells els hi va semblar molt bonica i de gran utilitat. Per aquest motiu, la vaig donar a con\u00e8ixer als directius del meu centre de treball (Sant Pere Claver Fundaci\u00f3 Sanit\u00e0ria) que enseguida els hi va agradar molt i em vaig posar en contacte amb l\u2019editorial Alfinlibros.<\/p>\n<p>Amb la participaci\u00f3 de la Sant Pere Claver Fundaci\u00f3 Hospital\u00e0ria, el Consorci Sanitari de Barcelona i l\u2019Ag\u00e8ncia de Salut P\u00fablica se\u2019n va fer una important tirada per als nostres pacients de la Fundaci\u00f3 en estat dol.<\/p>\n<p>Adjunt us dono la refer\u00e8ncia, per si \u00a0us pot ser d\u2019utilitat.<\/p>\n<p>&nbsp;<\/p>\n<figure id=\"attachment_452\" aria-describedby=\"caption-attachment-452\" style=\"width: 210px\" class=\"wp-caption aligncenter\"><a href=\"http:\/\/www.alfinlibros.com\/\"><img loading=\"lazy\" decoding=\"async\" class=\"size-medium wp-image-452 \" alt=\"Guia per a familiars en dol\" src=\"http:\/\/psicologiasantandreu.es\/wordpress\/wp-content\/uploads\/2014\/03\/llibre-210x300.jpg\" width=\"210\" height=\"300\" srcset=\"http:\/\/psicologiasantandreu.es\/wordpress\/wp-content\/uploads\/2014\/03\/llibre-210x300.jpg 210w, http:\/\/psicologiasantandreu.es\/wordpress\/wp-content\/uploads\/2014\/03\/llibre-718x1024.jpg 718w, http:\/\/psicologiasantandreu.es\/wordpress\/wp-content\/uploads\/2014\/03\/llibre.jpg 1686w\" sizes=\"(max-width: 210px) 100vw, 210px\" \/><\/a><figcaption id=\"caption-attachment-452\" class=\"wp-caption-text\">Guia per a familiars en dol<br \/>www.alfinlibros.com<\/figcaption><\/figure>\n<p>Tamb\u00e9 us posem un link al CANAL FUNDACIO HOSPITALARIA SANT PERE CLAVER a YOUTUBE, on trobareu una entrevista a Merc\u00e8 Villegas, sobre el dol i les perdues afectives, aixi com a un document gr\u00e0fic de una conferencia informativa sobre el tema.<\/p>\n<p><a title=\"imagenes conferencia sobre dol i perdues afectives\" href=\"http:\/\/www.flickr.com\/photos\/fundsantpereclaver\/8115768857\/in\/set-72157631094339500\/\" target=\"_blank\"><img loading=\"lazy\" decoding=\"async\" class=\"alignleft\" alt=\"Conferencia informativa sobre dol i perdues afectives\" src=\"http:\/\/psicologiasantandreu.es\/wordpress\/wp-content\/uploads\/2014\/03\/foto-Merce-flicr-FHSPC-300x223.jpg\" width=\"300\" height=\"223\" \/><\/a><\/p>\n<p><a title=\"video entrevista dol i perdues afectives\" href=\"http:\/\/www.youtube.com\/watch?v=jvIXZAGfP4E\" target=\"_blank\"><img loading=\"lazy\" decoding=\"async\" class=\"alignright\" alt=\"entrevista sobre el dol\" src=\"http:\/\/psicologiasantandreu.es\/wordpress\/wp-content\/uploads\/2014\/03\/foto-Merce-Video-FHSPC-3-300x200.jpg\" width=\"300\" height=\"200\" \/><\/a><\/p>\n<p><a title=\"video entrevista dol i perdues afectives\" href=\"http:\/\/www.youtube.com\/watch?v=jvIXZAGfP4E\" target=\"_blank\">\u00a0<\/a><\/p>\n<p>&nbsp;<\/p>\n<p>&nbsp;<\/p>\n<p>&nbsp;<\/p>\n<p>&nbsp;<\/p>\n<p>&nbsp;<\/p>\n<p>[\/doptoggle]<\/p>\n<h3 style=\"text-align: right;\"><em style=\"color: #800000; font-size: 1.17em; line-height: 1.5em;\"><strong><a title=\"Acces a la nostra p\u00e0gina WEB\" href=\"http:\/\/www.psicologiasantandreu.es\/index.html\" target=\"_blank\"><span style=\"color: #800000;\"><em><strong>a la nostra web hi trobareu mes informaci\u00f3, podeu c<\/strong><\/em>licar aqui<\/span><\/a><\/strong><\/em><\/h3>\n<p>&nbsp;<\/p>\n","protected":false},"excerpt":{"rendered":"<p>El dol \u00e9s el proc\u00e9s normal d\u2019elaboraci\u00f3 d\u2019una p\u00e8rdua, que te per objectiu l\u2019adaptaci\u00f3 i harmonitzaci\u00f3 de la situaci\u00f3\u00a0interna i externa de la persona en dol a la nova realitat. Es caracteritza per l\u2019aparici\u00f3 de pensaments,\u00a0 sentiments i comportaments \u00a0diferents dels habituals, causats per la mort de l\u2019\u00e9sser estimat. \u201cQuan alg\u00fa important es mor, una [&hellip;]<\/p>\n","protected":false},"author":2,"featured_media":0,"parent":0,"menu_order":0,"comment_status":"closed","ping_status":"closed","template":"","meta":{"footnotes":""},"_links":{"self":[{"href":"http:\/\/psicologiasantandreu.es\/wordpress\/wp-json\/wp\/v2\/pages\/454"}],"collection":[{"href":"http:\/\/psicologiasantandreu.es\/wordpress\/wp-json\/wp\/v2\/pages"}],"about":[{"href":"http:\/\/psicologiasantandreu.es\/wordpress\/wp-json\/wp\/v2\/types\/page"}],"author":[{"embeddable":true,"href":"http:\/\/psicologiasantandreu.es\/wordpress\/wp-json\/wp\/v2\/users\/2"}],"replies":[{"embeddable":true,"href":"http:\/\/psicologiasantandreu.es\/wordpress\/wp-json\/wp\/v2\/comments?post=454"}],"version-history":[{"count":28,"href":"http:\/\/psicologiasantandreu.es\/wordpress\/wp-json\/wp\/v2\/pages\/454\/revisions"}],"predecessor-version":[{"id":772,"href":"http:\/\/psicologiasantandreu.es\/wordpress\/wp-json\/wp\/v2\/pages\/454\/revisions\/772"}],"wp:attachment":[{"href":"http:\/\/psicologiasantandreu.es\/wordpress\/wp-json\/wp\/v2\/media?parent=454"}],"curies":[{"name":"wp","href":"https:\/\/api.w.org\/{rel}","templated":true}]}}