{"id":409,"date":"2014-01-13T10:30:37","date_gmt":"2014-01-13T10:30:37","guid":{"rendered":"http:\/\/psicologiasantandreu.es\/wordpress\/?page_id=409"},"modified":"2024-05-21T13:30:18","modified_gmt":"2024-05-21T13:30:18","slug":"la-ansiedad","status":"publish","type":"page","link":"http:\/\/psicologiasantandreu.es\/wordpress\/la-ansiedad\/","title":{"rendered":"La ansiedad"},"content":{"rendered":"<p><b>\u00bfQu\u00e9 es la ansiedad?<\/b><\/p>\n<p><b>La ansiedad <\/b>es \u00a0una se\u00f1al autom\u00e1tica normal de alerta y control que se activa en las personas delante de una percepci\u00f3n de amenaza, riesgo o peligro.<\/p>\n<p><b><a href=\"http:\/\/psicologiasantandreu.es\/wordpress\/wp-content\/uploads\/2013\/11\/folr-bermella-entre-fulles-verdes-P7300193.jpg\"><img loading=\"lazy\" decoding=\"async\" class=\"alignleft size-medium wp-image-102\" src=\"http:\/\/psicologiasantandreu.es\/wordpress\/wp-content\/uploads\/2013\/11\/folr-bermella-entre-fulles-verdes-P7300193-300x225.jpg\" alt=\"ansietat\" width=\"300\" height=\"225\" srcset=\"http:\/\/psicologiasantandreu.es\/wordpress\/wp-content\/uploads\/2013\/11\/folr-bermella-entre-fulles-verdes-P7300193-300x225.jpg 300w, http:\/\/psicologiasantandreu.es\/wordpress\/wp-content\/uploads\/2013\/11\/folr-bermella-entre-fulles-verdes-P7300193-1024x768.jpg 1024w\" sizes=\"(max-width: 300px) 100vw, 300px\" \/><\/a><\/b><\/p>\n<p>Un cierto nivel de ansiedad favorece el desarrollo personal y el enfrentamiento de situaciones adversas, \u00a0<b>pero cuando los niveles de ansiedad son tan altos que interfieren <\/b>en el rendimiento psicol\u00f3gico, social, acad\u00e9mico y\/o laboral de la persona que la sufre, <b>es necesario que pueda ser tratada <\/b>\u00a0para disminuir el sufrimiento que comporta y recuperar la vida normal.<\/p>\n<p>&nbsp;<\/p>\n<p><b>Hace falta tratar la ansiedad:<\/b><\/p>\n<ul>\n<li>cuando se desencadena sin causa aparente<\/li>\n<li>cuando su intensidad no se justifica por los posibles factores desencadenantes<\/li>\n<li>cuando va acompa\u00f1ada por miedo a morirse o p\u00e1nico a volverse loco<\/li>\n<li>cuando se activa autom\u00e1ticamente en situaciones que generalmente no ser\u00eda necesario, como por ejemplo al salir a la calle, al tomar un avi\u00f3n o transporte p\u00fablico&#8230;<\/li>\n<li>cuando va acompa\u00f1ada de \u00abrituales\u00bb (man\u00edas) cuando se ha hecho una tarea en concreto (lavarse las manos, reasegurarse que se ha cerrado con llave antes de salir de casa&#8230;)<\/li>\n<li>cuando hay una hipervigilancia temerosa y preocupaci\u00f3n excesiva por la propia salud o la de las personas queridas.<\/li>\n<\/ul>\n<p>&nbsp;<\/p>\n<p><b>\u00bfC<\/b><b>\u00f3mo se manifiesta la ansiedad? \u00bfCu\u00e1les son sus s\u00edntomas?<\/b><\/p>\n<p>La ansiedad tiene manifestaciones ps\u00edquicas y som\u00e1ticas (corporales) <b><\/b><\/p>\n<p style=\"padding-left: 30px;\"><b>Manifestaciones ps\u00edquicas:<\/b><\/p>\n<ul>\n<li>Aprensi\u00f3n<\/li>\n<li>Sensaci\u00f3n de alerta (angustiosa)<\/li>\n<li>Aumento de la tensi\u00f3n, constricci\u00f3n.<\/li>\n<li>Sentimientos de temor o previsi\u00f3n de peligros.<\/li>\n<li>Preocupaci\u00f3n e hipervigilancia.<\/li>\n<li>Sensaci\u00f3n de fatiga, distracci\u00f3n y dificultades de concentraci\u00f3n.<\/li>\n<li>Insomnio de primera hora. Aumento del desvele nocturno.<\/li>\n<\/ul>\n<p>&nbsp;<\/p>\n<p style=\"padding-left: 30px;\"><b>Manifestaciones som\u00e1ticas:<\/b><\/p>\n<p>Se presentan sobretodo en los aparatos circulatorio, respiratorio, sistema nervioso y aparato gastrointestinal. Las m\u00e1s habituales son:<\/p>\n<ul>\n<li>Aparato circulatorio:\n<ul>\n<li>Taquicardia y palpitaciones, hipertensi\u00f3n, palidez o rubor.<\/li>\n<li>Opresi\u00f3n o malestar en el pecho.<\/li>\n<\/ul>\n<\/li>\n<\/ul>\n<ul>\n<li>Aparato respiratorio:\n<ul>\n<li>Dispnea (sensaci\u00f3n <b>subjetiva <\/b>de falta de aire) o hiperventilaci\u00f3n<\/li>\n<\/ul>\n<\/li>\n<\/ul>\n<ul>\n<li>Sistema nervioso:\n<ul>\n<li>Dolores, tembleques, tensi\u00f3n muscular y espasmos<\/li>\n<li><span style=\"line-height: 1.5em;\">V\u00e9rtigo, inestabilidad, mareo, desmayos.<\/span><\/li>\n<\/ul>\n<\/li>\n<\/ul>\n<ul>\n<li>Aparato gastrointestinal:\n<ul>\n<li><span style=\"line-height: 1.5em;\">Hormigueo, sudor fr\u00edo y escalofr\u00edos<\/span><\/li>\n<li><span style=\"line-height: 1.5em;\">Sequedad de boca, dolores abdominales, diarreas y dispepsia (digesti\u00f3n\u00a0 alterada o aviciada)<\/span><\/li>\n<li><span style=\"line-height: 1.5em;\">\u00a0Anorexia (falta de ganas de comer) o bulimia (sensaci\u00f3n de hambre intensa, imperiosa e insaciable)<\/span><\/li>\n<\/ul>\n<\/li>\n<\/ul>\n<p>&nbsp;<\/p>\n<p><b>Trastornos de ansiedad<\/b><\/p>\n<p>En adolescentes y adultos, una\u00a0 manera frecuente de debutar la ansiedad patol\u00f3gica es mediante una <b>crisis de ansiedad, <\/b>(reacci\u00f3n de malestar y miedo que se presenta de repente, acompa\u00f1ada de algunas de las manifestaciones ps\u00edquicas y\/o som\u00e1ticas antes apuntadas) que <b>si no se trata<\/b> puede repetirse y evolucionar hacia un <b>trastorno<\/b>\u00a0 m\u00e1s o menos agudo o cr\u00f3nico de ansiedad.<\/p>\n<p><b>Los trastornos de ansiedad m\u00e1s habituales son: <\/b><\/p>\n<ul>\n<li>Trastorno de p\u00e1nico<\/li>\n<li>Agorafobia<\/li>\n<li>Fobia social<\/li>\n<li>\u00a0Fobias espec\u00edficas<\/li>\n<li>Trastorno por estr\u00e9s agudo<\/li>\n<li>Trastorno por estr\u00e9s post-traum\u00e1tico<\/li>\n<li>Trastorno obsesivo-compulsivo<\/li>\n<li>Trastorno per ansiedad generalizada<\/li>\n<li>Trastornos adaptativos que cursan con ansiedad (y depresi\u00f3n a veces)<\/li>\n<\/ul>\n<p>Lo que caracteriza este funcionamiento como patol\u00f3gico es el hecho que la persona que sufre el trastorno desarrolla respuestas evitativas, es decir, trata de evitar las situaciones, pensamientos o acciones que le producen las reacciones fisiol\u00f3gicas desagradables y los pensamientos y emociones dolorosas, invirtiendo gran cantidad de energ\u00eda mental para mantener estos contenidos fuera de la conciencia. Pero el problema es que los esfuerzos para evitar estas experiencias tienen el efecto contrario, pues la persona se siente cada vez m\u00e1s vulnerable y con menos control.<\/p>\n<p><b>\u00bfC\u00f3mo tratamos la ansiedad en <b><b>\u00a0<b><span style=\"color: #0000ff;\"><em><span style=\"text-decoration: underline;\"><a title=\"ACCESO A NUESTRA WEB\" href=\"http:\/\/www.psicologiasantandreu.es\/esp\/inicio.html\" target=\"_blank\" rel=\"noopener\"><span style=\"color: #0000ff; text-decoration: underline;\">PSICOLOGIA CLINICA SANT ANDREU<\/span><\/a><\/span><\/em><\/span>\u00a0<\/b><\/b><\/b>?<\/b><\/p>\n<p>Es habitual definir la ansiedad como un miedo sin causa. En Psicologia Cl\u00ednica Sant Andreu creemos \u00a0que siempre hay una causa, aunque al principio sea inconsciente o desconocida para la persona que la sufre.<\/p>\n<p>Por lo tanto el objetivo de las primeras visitas es, juntamente con la persona que consulta, descubrir cu\u00e1l es esta causa.\u00a0 Para esto, partimos de tres simples pero esenciales preguntas en el proceso diagn\u00f3stico: \u00bfQu\u00e9 le pasa? (\u00bfQu\u00e9 le hace sufrir?) \u00bfDesde cu\u00e1ndo? \u00bfCon qu\u00e9 lo relaciona?<\/p>\n<p>A partir de este momento, la persona acompa\u00f1ada por su terapeuta empieza a interrogarse, a mirar en su interior, a hacer un trabajo de introspecci\u00f3n, que le va permitiendo descubrir cu\u00e1l es el verdadero temor que le produce tanta ansiedad.<\/p>\n<p>La terapia que seguir\u00e1 (m\u00e1s o menos intensa, dependiendo de la gravedad del trastorno) se centrar\u00e1 en desarrollar todas las herramientas al alcance de la persona que consulta, para luchar contra este miedo.<\/p>\n<p>I todo esto en un clima de proximidad, comprensi\u00f3n y respeto hacia su intimidad y su sufrimiento, que es lo que favorece la expresi\u00f3n de las emociones y el desarrollo del pensamiento que propiciar\u00e1 la comprensi\u00f3n del desencadenante de la ansiedad y por tanto, su disminuci\u00f3n o desaparici\u00f3n y la recuperaci\u00f3n de la vida normal.<\/p>\n<h3 style=\"text-align: right;\">\u00a0<em><strong>\u00a0<\/strong><\/em><span style=\"color: #993300;\"><em><strong><a title=\"acceso directo a nuestra p\u00e1gina WEB\" href=\"http:\/\/psicologiasantandreu.es\/esp\/inicio.html\" target=\"_blank\" rel=\"noopener\"><span style=\"color: #993300;\">en nuestra p\u00e1gina WEB encontrar\u00e1s m\u00e1s informaci\u00f3n, puedes clicar aqu\u00ed<\/span><\/a><\/strong><\/em><\/span><\/h3>\n","protected":false},"excerpt":{"rendered":"<p>\u00bfQu\u00e9 es la ansiedad? La ansiedad es \u00a0una se\u00f1al autom\u00e1tica normal de alerta y control que se activa en las personas delante de una percepci\u00f3n de amenaza, riesgo o peligro. Un cierto nivel de ansiedad favorece el desarrollo personal y el enfrentamiento de situaciones adversas, \u00a0pero cuando los niveles de ansiedad son tan altos que [&hellip;]<\/p>\n","protected":false},"author":2,"featured_media":0,"parent":0,"menu_order":0,"comment_status":"closed","ping_status":"closed","template":"","meta":{"footnotes":""},"_links":{"self":[{"href":"http:\/\/psicologiasantandreu.es\/wordpress\/wp-json\/wp\/v2\/pages\/409"}],"collection":[{"href":"http:\/\/psicologiasantandreu.es\/wordpress\/wp-json\/wp\/v2\/pages"}],"about":[{"href":"http:\/\/psicologiasantandreu.es\/wordpress\/wp-json\/wp\/v2\/types\/page"}],"author":[{"embeddable":true,"href":"http:\/\/psicologiasantandreu.es\/wordpress\/wp-json\/wp\/v2\/users\/2"}],"replies":[{"embeddable":true,"href":"http:\/\/psicologiasantandreu.es\/wordpress\/wp-json\/wp\/v2\/comments?post=409"}],"version-history":[{"count":13,"href":"http:\/\/psicologiasantandreu.es\/wordpress\/wp-json\/wp\/v2\/pages\/409\/revisions"}],"predecessor-version":[{"id":777,"href":"http:\/\/psicologiasantandreu.es\/wordpress\/wp-json\/wp\/v2\/pages\/409\/revisions\/777"}],"wp:attachment":[{"href":"http:\/\/psicologiasantandreu.es\/wordpress\/wp-json\/wp\/v2\/media?parent=409"}],"curies":[{"name":"wp","href":"https:\/\/api.w.org\/{rel}","templated":true}]}}