{"id":402,"date":"2014-01-13T10:08:34","date_gmt":"2014-01-13T10:08:34","guid":{"rendered":"http:\/\/psicologiasantandreu.es\/wordpress\/?page_id=402"},"modified":"2024-05-21T13:29:54","modified_gmt":"2024-05-21T13:29:54","slug":"la-depresion-2","status":"publish","type":"page","link":"http:\/\/psicologiasantandreu.es\/wordpress\/la-depresion-2\/","title":{"rendered":"La depresi\u00f3n"},"content":{"rendered":"<p><b>\u00bfQUE ES LA DEPRESI\u00d3N?<\/b><a style=\"line-height: 1.5em;\" href=\"http:\/\/psicologiasantandreu.es\/wordpress\/wp-admin\/themes.php\"><br \/>\n<\/a><\/p>\n<p>La depresi\u00f3n es un trastorno de la \u00e1rea afectiva,\u00a0 que se caracteriza por una tristeza profunda y continuada y un decaimiento an\u00edmico tan importante que provoca distorsiones en el pensamiento y en la valoraci\u00f3n que la persona tiene de s\u00ed misma (autoestima) y por lo tanto, comporta mucho sufrimiento.<a href=\"http:\/\/psicologiasantandreu.es\/wordpress\/wp-content\/uploads\/2014\/01\/FOTO-1427825_86576486-DEPRE.jpg\"><img loading=\"lazy\" decoding=\"async\" class=\"alignright size-medium wp-image-319\" src=\"http:\/\/psicologiasantandreu.es\/wordpress\/wp-content\/uploads\/2014\/01\/FOTO-1427825_86576486-DEPRE-300x149.jpg\" alt=\"DEPRESION\" width=\"300\" height=\"149\" srcset=\"http:\/\/psicologiasantandreu.es\/wordpress\/wp-content\/uploads\/2014\/01\/FOTO-1427825_86576486-DEPRE-300x149.jpg 300w, http:\/\/psicologiasantandreu.es\/wordpress\/wp-content\/uploads\/2014\/01\/FOTO-1427825_86576486-DEPRE-1024x510.jpg 1024w\" sizes=\"(max-width: 300px) 100vw, 300px\" \/><\/a><\/p>\n<p>Implica una p\u00e9rdida de perspectiva vital, ilusi\u00f3n, motivaci\u00f3n e inter\u00e9s por actividades con las que antes se disfrutaba, y sentimientos de pesimismo y desesperanza.<\/p>\n<p>La persona que sufre una depresi\u00f3n lo puede llegar a pasar muy mal, por lo tanto es <b>importante tratarse<\/b> y poder sobreponerse a esta situaci\u00f3n.<\/p>\n<p>&nbsp;<\/p>\n<p><b>SINTOMATOLOG\u00cdA CARACTER\u00cdSTICA DE LA DEPRESI\u00d3N<\/b><\/p>\n<p>&#8211;\u00a0\u00a0\u00a0\u00a0\u00a0\u00a0\u00a0\u00a0 Estado de \u00e1nimo triste de forma persistente<\/p>\n<p>&#8211;\u00a0\u00a0\u00a0\u00a0\u00a0\u00a0\u00a0\u00a0 Disminuci\u00f3n acusada del inter\u00e9s o el placer en diversas \u00e1reas<\/p>\n<p>&#8211;\u00a0\u00a0\u00a0\u00a0\u00a0\u00a0\u00a0\u00a0 Sentimientos de desesperanza y pesimismo<\/p>\n<p>&#8211;\u00a0\u00a0\u00a0\u00a0\u00a0\u00a0\u00a0\u00a0 Disminuci\u00f3n del inter\u00e9s o la capacidad para disfrutar en actividades con las que antes se disfrutaba, incluso la actividad sexual.<\/p>\n<p>&#8211;\u00a0\u00a0\u00a0\u00a0\u00a0\u00a0\u00a0\u00a0 P\u00e9rdida de peso y\/o apetito<\/p>\n<p>&#8211;\u00a0\u00a0\u00a0\u00a0\u00a0\u00a0\u00a0\u00a0 Insomnio pertinaz o hipersomnia<\/p>\n<p>&#8211;\u00a0\u00a0\u00a0\u00a0\u00a0\u00a0\u00a0\u00a0 Irritabilidad, agitaci\u00f3n, inquietud.<\/p>\n<p>&#8211;\u00a0\u00a0\u00a0\u00a0\u00a0\u00a0\u00a0\u00a0 P\u00e9rdida de energ\u00eda, fatiga, agotamiento: \u00abtodo se hace cuesta arriba\u00bb<\/p>\n<p>&#8211;\u00a0\u00a0\u00a0\u00a0\u00a0\u00a0\u00a0\u00a0 Sentimientos de inutilidad, culpa e impotencia<\/p>\n<p>&#8211;\u00a0\u00a0\u00a0\u00a0\u00a0\u00a0\u00a0\u00a0 Disminuci\u00f3n de la capacidad para pensar, concentrarse, recordar o tomar decisiones.<\/p>\n<p>&#8211;\u00a0\u00a0\u00a0\u00a0\u00a0\u00a0\u00a0\u00a0 Pensamientos recurrentes de muerte o ideas de suicidio. Intentos de suicidio.<\/p>\n<p>&#8211;\u00a0\u00a0\u00a0\u00a0\u00a0\u00a0\u00a0\u00a0 Quejas som\u00e1ticas inespec\u00edficas.<\/p>\n<p>&nbsp;<\/p>\n<p><b>TIPOS DE DEPRESIONES<\/b><\/p>\n<p>Seg\u00fan las causas, los desencadenantes, la duraci\u00f3n, la gravedad, el tipo de s\u00edntomas que se presentan y el momento vital de la persona enferma, podemos hablar de distintos tipos de depresi\u00f3n: desde un trastorno adaptativo con estado de \u00e1nimo depresivo leve, hasta una depresi\u00f3n grave y recurrente.<\/p>\n<p>&nbsp;<\/p>\n<p><b>\u00bfC\u00d3MO TRATAMOS LA DEPRESI\u00d3N EN <b><b>\u00a0<b><span style=\"color: #0000ff;\"><em><span style=\"text-decoration: underline;\"><a title=\"ACCESO A NUESTRA WEB\" href=\"http:\/\/www.psicologiasantandreu.es\/esp\/inicio.html\" target=\"_blank\" rel=\"noopener\"><span style=\"color: #0000ff; text-decoration: underline;\">PSICOLOGIA CLINICA SANT ANDREU<\/span><\/a><\/span><\/em><\/span>\u00a0<\/b><\/b><\/b>?<\/b><\/p>\n<p>1)\u00a0\u00a0 Haciendo un diagn\u00f3stico detallado del tipo de depresi\u00f3n:<\/p>\n<ul>\n<li>En Psicologia Cl\u00ednica Sant Andreu tratamos con un abordaje psicoterap\u00e9utico trastornos adaptativos con estado de \u00e1nimo depresivo y\/o ansiedad, duelos, dist\u00edmias, depresiones resistentes, recurrentes y at\u00edpicas y depresiones mayores leves y moderadas.<\/li>\n<li>En caso de depresi\u00f3n mayor moderada o grave con alto riesgo personal, laboral o social, derivamos los pacientes al m\u00e9dico de cabecera y\/o psiquiatra de referencia para que valoren, adem\u00e1s del tratamiento psicol\u00f3gico, la administraci\u00f3n de un tratamiento farmacol\u00f3gico.<\/li>\n<li>Las depresiones asociadas a un\u00a0 consumo importante de drogas, las tratamos conjuntamente con los centros de acogida y seguimiento de las toxicoman\u00edas.<\/li>\n<li>Derivamos a urgencias para su hospitalizaci\u00f3n a los pacientes con riesgo autol\u00edtico elevado o inhibici\u00f3n extrema.<\/li>\n<\/ul>\n<p>&nbsp;<\/p>\n<p>2)\u00a0\u00a0 Ofreciendo el trabajo psicoterap\u00e9utico que se ajuste m\u00e1s a las necesidades de cada persona (terapia breve, focal, psicoanal\u00edtica, EMDR, etc.) y que permita:<\/p>\n<ul>\n<li>Descubrir, identificar y describir los desencadenantes internos y\/o externos causantes de la depresi\u00f3n para entenderlos, aceptarlos, cambiarlos o convivir con ellos de otra manera m\u00e1s positiva.<\/li>\n<li>Conocerse a si mismo e identificar las caracter\u00edsticas de su personalidad que puedan tener relaci\u00f3n con el sufrimiento actual, para poder trabajarlas.<\/li>\n<li>\u00a0Estimular y motivar la readaptaci\u00f3n social, laboral y familiar en el momento que comience la mejora de su estado de \u00e1nimo.<\/li>\n<\/ul>\n<p>&nbsp;<\/p>\n<p>Y todo esto, en un clima de proximidad, comprensi\u00f3n y respeto hacia su intimidad y su sufrimiento, para favorecer la expresi\u00f3n de las emociones, el desarrollo del pensamiento y el cambio ps\u00edquico, que har\u00e1n posible salir de la depresi\u00f3n.<\/p>\n<p>Si usted o alguna persona cercana se ve reflejada en alguno de estos s\u00edntomas, no se desanime. Hoy en d\u00eda existen muchos recursos terap\u00e9uticos para hacer frente a la depresi\u00f3n y recuperar la vitalidad, por tanto, le recomendamos que pida ayuda lo antes posible.<\/p>\n<p>&nbsp;<\/p>\n<h3 style=\"text-align: right;\">\u00a0<span style=\"color: #993300;\"><em><strong>\u00a0<\/strong><\/em><em><strong><a title=\"acceso directo a nuestra p\u00e1gina WEB\" href=\"http:\/\/psicologiasantandreu.es\/esp\/inicio.html\" target=\"_blank\" rel=\"noopener\"><span style=\"color: #993300;\">encontrar\u00e1s \u00a0m\u00e1s informaci\u00f3n en nuesta p\u00e1gina WEB, puedes \u00a0clicar aqu\u00ed<\/span><\/a><\/strong><\/em><\/span><\/h3>\n","protected":false},"excerpt":{"rendered":"<p>\u00bfQUE ES LA DEPRESI\u00d3N? La depresi\u00f3n es un trastorno de la \u00e1rea afectiva,\u00a0 que se caracteriza por una tristeza profunda y continuada y un decaimiento an\u00edmico tan importante que provoca distorsiones en el pensamiento y en la valoraci\u00f3n que la persona tiene de s\u00ed misma (autoestima) y por lo tanto, comporta mucho sufrimiento. Implica una [&hellip;]<\/p>\n","protected":false},"author":2,"featured_media":0,"parent":0,"menu_order":0,"comment_status":"closed","ping_status":"closed","template":"","meta":{"footnotes":""},"_links":{"self":[{"href":"http:\/\/psicologiasantandreu.es\/wordpress\/wp-json\/wp\/v2\/pages\/402"}],"collection":[{"href":"http:\/\/psicologiasantandreu.es\/wordpress\/wp-json\/wp\/v2\/pages"}],"about":[{"href":"http:\/\/psicologiasantandreu.es\/wordpress\/wp-json\/wp\/v2\/types\/page"}],"author":[{"embeddable":true,"href":"http:\/\/psicologiasantandreu.es\/wordpress\/wp-json\/wp\/v2\/users\/2"}],"replies":[{"embeddable":true,"href":"http:\/\/psicologiasantandreu.es\/wordpress\/wp-json\/wp\/v2\/comments?post=402"}],"version-history":[{"count":10,"href":"http:\/\/psicologiasantandreu.es\/wordpress\/wp-json\/wp\/v2\/pages\/402\/revisions"}],"predecessor-version":[{"id":776,"href":"http:\/\/psicologiasantandreu.es\/wordpress\/wp-json\/wp\/v2\/pages\/402\/revisions\/776"}],"wp:attachment":[{"href":"http:\/\/psicologiasantandreu.es\/wordpress\/wp-json\/wp\/v2\/media?parent=402"}],"curies":[{"name":"wp","href":"https:\/\/api.w.org\/{rel}","templated":true}]}}