{"id":384,"date":"2014-01-13T08:33:46","date_gmt":"2014-01-13T08:33:46","guid":{"rendered":"http:\/\/psicologiasantandreu.es\/wordpress\/?page_id=384"},"modified":"2024-05-21T13:10:03","modified_gmt":"2024-05-21T13:10:03","slug":"emdr-cat","status":"publish","type":"page","link":"http:\/\/psicologiasantandreu.es\/wordpress\/emdr-cat\/","title":{"rendered":"EMDR"},"content":{"rendered":"<p><b><a href=\"http:\/\/psicologiasantandreu.es\/wordpress\/wp-content\/uploads\/2014\/01\/L1040701-alta-EMDR.jpg\"><img loading=\"lazy\" decoding=\"async\" class=\"wp-image-320 alignright\" src=\"http:\/\/psicologiasantandreu.es\/wordpress\/wp-content\/uploads\/2014\/01\/L1040701-alta-EMDR-131x300.jpg\" alt=\"EMDR\" width=\"118\" height=\"270\" \/><\/a>QU\u00c8 \u00c9S EMDR?<\/b><\/p>\n<p><b>EMDR \u00e9s un m\u00e8tode psicoterap\u00e8utic <\/b>que tracta les dificultats\u00a0 emocionals causades per experi\u00e8ncies dif\u00edcils de la vida, incidents traum\u00e0tics de la inf\u00e0ncia i fins i tot, accidents i desastres naturals. Pot tractar-se d&#8217;un sol fet traum\u00e0tic o b\u00e9 d&#8217;un c\u00famul d&#8217;esdeveniments. <b><\/b><\/p>\n<p><b><\/b><b>Indicacions:\u00a0<\/b>Les investigacions realitzades demostren que EMDR \u00e9s molt efectiu en els trastorns per Estr\u00e9s Postraum\u00e0tic, per\u00f2 tamb\u00e9 sol ser molt exit\u00f3s en molts altres trastorns com trastorns d&#8217;ansietat, atacs de p\u00e0nic, estr\u00e9s, depressi\u00f3, dolor cr\u00f2nic, dols complicats, trastorns de la personalitat, trastorns alimentaris, addiccions, abusos\u2026<\/p>\n<p><b><\/b><b>Duraci\u00f3:\u00a0<\/b>EMDR es pot utilitzar com a \u00fanic tractament o incloure&#8217;l dins d&#8217;un altre tipus de ter\u00e0pia. La duraci\u00f3 del tractament dep\u00e8n del tipus de problema, de les experi\u00e8ncies passades de la persona i de les seves circumst\u00e0ncies actuals, per aix\u00f2 en cada cas s&#8217;ha de fer una valoraci\u00f3. En general poden ser des de tres sessions per a un trauma simple fins a m\u00e9s d&#8217;un any per a problemes complexos.<\/p>\n<p>&nbsp;<\/p>\n<p><b>Objectius:<\/b><\/p>\n<ul>\n<li>Resoldre la causa del malestar en el seu origen<\/li>\n<li>Ajudar a desenvolupar recursos i capacitat d&#8217;auto cura<\/li>\n<li>Promoure l&#8217;estabilitat i durabilitat dels beneficis terap\u00e8utics a llarg termini.<\/li>\n<\/ul>\n<p>&nbsp;<\/p>\n<p>Per aix\u00f2 t\u00e9 en compte tres aspectes:<\/p>\n<ul>\n<li>experi\u00e8ncies de vida passades;<\/li>\n<li>experi\u00e8ncies estressants del present i<\/li>\n<li>pensaments i comportaments desitjats per al futur.<\/li>\n<\/ul>\n<p><b>\u00a0<\/b><\/p>\n<p><b>Procediment:<\/b><\/p>\n<p>L&#8217;especificitat de la t\u00e8cnica EMDR \u00e9s el seu protocol que est\u00e0 organitzat per a incidir en uns aspectes determinats del record aplicant estimulaci\u00f3 bilateral, que pot ser visual, auditiva o t\u00e0ctil, produint efectes similars als que es donen de forma natural durant la fase REM del son, facilitant la connexi\u00f3 entre els dos hemisferis cerebrals i la disminuci\u00f3 de la c\u00e0rrega emocional i permetent per tant a la persona una nova manera de percebre els records pertorbadors amb menys tensi\u00f3, donant lloc a un proc\u00e9s innat d&#8217;integraci\u00f3.<\/p>\n<p><b>\u00a0<\/b><\/p>\n<p>En molts casos, els s\u00edmptomes de malestar que presenta la persona tenen el seu origen en experi\u00e8ncies de la vida en les seves primeres etapes, que es van emmagatzemar de manera disfuncional i que estan interferint en la vida actual produint patiment al present. Sovint provenen d&#8217;esdeveniments que poden no ser recordats com a importants o significatius per a la persona (per exemple desprotecci\u00f3, humiliacions&#8230;). Per\u00f2 tot i aix\u00ed, la import\u00e0ncia de les causes del trauma no determina la qualitat del dolor que aquest produeix, perqu\u00e8 els seus efectes dependran de cada persona, de la seva hist\u00f2ria i entorn afectiu, del moment en qu\u00e8 s&#8217;hagi produ\u00eft i de la seva reiteraci\u00f3 al llarg del temps.<\/p>\n<p>&nbsp;<\/p>\n<p>L&#8217;experi\u00e8ncia traum\u00e0tica t\u00e9 un impacte neurobiol\u00f2gic: sensacions, imatges, sentiments&#8230; romanen congelats tal com es van viure en el moment original, i continuen produint efectes negatius en el present i per tant, interferint en la manera que la persona percep el m\u00f3n i en la seva manera de relacionar-se amb la resta i amb \u00a0l&#8217;entorn. El trauma, no importa quin sigui el seu origen, afecta de tal manera la salut, la seguretat i el benestar de la persona, que aquesta pot arribar a desenvolupar creences falses i destructives de si mateixa i del m\u00f3n.<\/p>\n<p>&nbsp;<\/p>\n<p>EMDR \u00e9s un abordatge centrat en el pacient que permet que el terapeuta estimuli els mecanismes de curaci\u00f3 inherents al propi subjecte tenint en compte els components fisiol\u00f2gics de les dificultats emocionals. Per aix\u00f2 enfoca directament aquestes sensacions f\u00edsiques a m\u00e9s de les creences negatives i estats emocionals que pertorben el pacient.<\/p>\n<p>EMDR com a m\u00e8tode combina elements te\u00f2rico-cl\u00ednics d&#8217;orientacions tals com la psicoan\u00e0lisi, cognitivo-conductual i altres.<\/p>\n<p>&nbsp;<\/p>\n<h3 style=\"text-align: right;\"><span style=\"color: #800000;\"><em><strong><a title=\"Acces a la nostra p\u00e0gina WEB\" href=\"http:\/\/psicologiasantandreu.es\/\" target=\"_blank\" rel=\"noopener\"><span style=\"color: #800000;\"><em><strong>a la nostra web hi trobareu mes informaci\u00f3, podeu c<\/strong><\/em>licar aqui<\/span><\/a><\/strong><\/em><\/span><\/h3>\n<p>&nbsp;<\/p>\n","protected":false},"excerpt":{"rendered":"<p>QU\u00c8 \u00c9S EMDR? EMDR \u00e9s un m\u00e8tode psicoterap\u00e8utic que tracta les dificultats\u00a0 emocionals causades per experi\u00e8ncies dif\u00edcils de la vida, incidents traum\u00e0tics de la inf\u00e0ncia i fins i tot, accidents i desastres naturals. Pot tractar-se d&#8217;un sol fet traum\u00e0tic o b\u00e9 d&#8217;un c\u00famul d&#8217;esdeveniments. Indicacions:\u00a0Les investigacions realitzades demostren que EMDR \u00e9s molt efectiu en els [&hellip;]<\/p>\n","protected":false},"author":2,"featured_media":0,"parent":0,"menu_order":0,"comment_status":"closed","ping_status":"closed","template":"","meta":{"footnotes":""},"_links":{"self":[{"href":"http:\/\/psicologiasantandreu.es\/wordpress\/wp-json\/wp\/v2\/pages\/384"}],"collection":[{"href":"http:\/\/psicologiasantandreu.es\/wordpress\/wp-json\/wp\/v2\/pages"}],"about":[{"href":"http:\/\/psicologiasantandreu.es\/wordpress\/wp-json\/wp\/v2\/types\/page"}],"author":[{"embeddable":true,"href":"http:\/\/psicologiasantandreu.es\/wordpress\/wp-json\/wp\/v2\/users\/2"}],"replies":[{"embeddable":true,"href":"http:\/\/psicologiasantandreu.es\/wordpress\/wp-json\/wp\/v2\/comments?post=384"}],"version-history":[{"count":19,"href":"http:\/\/psicologiasantandreu.es\/wordpress\/wp-json\/wp\/v2\/pages\/384\/revisions"}],"predecessor-version":[{"id":775,"href":"http:\/\/psicologiasantandreu.es\/wordpress\/wp-json\/wp\/v2\/pages\/384\/revisions\/775"}],"wp:attachment":[{"href":"http:\/\/psicologiasantandreu.es\/wordpress\/wp-json\/wp\/v2\/media?parent=384"}],"curies":[{"name":"wp","href":"https:\/\/api.w.org\/{rel}","templated":true}]}}