{"id":179,"date":"2013-11-26T20:54:00","date_gmt":"2013-11-26T20:54:00","guid":{"rendered":"http:\/\/psicologiasantandreu.es\/wordpress\/?page_id=179"},"modified":"2024-05-21T13:05:06","modified_gmt":"2024-05-21T13:05:06","slug":"la-depressio-2","status":"publish","type":"page","link":"http:\/\/psicologiasantandreu.es\/wordpress\/la-depressio-2\/","title":{"rendered":"La depressi\u00f3"},"content":{"rendered":"<p><b>QU\u00c8 \u00c9S LA DEPRESSI\u00d3? <\/b><\/p>\n<p><b>\u00a0<\/b>La depressi\u00f3 \u00e9s un trastorn de l\u2019\u00e0rea afectiva, \u00a0que es caracteritza per una tristesa profunda i continuada i un deca\u00efment an\u00edmic tan important que provoca distorsions en el pensament i la valoraci\u00f3 que t\u00e9 la persona de s\u00ed mateixa (autoestima) i per tant comporta molt patiment.<a href=\"http:\/\/psicologiasantandreu.es\/wordpress\/wp-content\/uploads\/2014\/01\/FOTO-1427825_86576486-DEPRE.jpg\"><img loading=\"lazy\" decoding=\"async\" class=\"alignright size-medium wp-image-319\" src=\"http:\/\/psicologiasantandreu.es\/wordpress\/wp-content\/uploads\/2014\/01\/FOTO-1427825_86576486-DEPRE-300x149.jpg\" alt=\"DEPRESION\" width=\"300\" height=\"149\" srcset=\"http:\/\/psicologiasantandreu.es\/wordpress\/wp-content\/uploads\/2014\/01\/FOTO-1427825_86576486-DEPRE-300x149.jpg 300w, http:\/\/psicologiasantandreu.es\/wordpress\/wp-content\/uploads\/2014\/01\/FOTO-1427825_86576486-DEPRE-1024x510.jpg 1024w\" sizes=\"(max-width: 300px) 100vw, 300px\" \/><\/a><\/p>\n<p>Implica una p\u00e8rdua de perspectiva vital, il\u00b7lusi\u00f3, motivaci\u00f3 i inter\u00e8s per activitats amb les que abans es gaudia \u00a0i sentiments de pessimisme i desesperan\u00e7a.<\/p>\n<p>La persona que pateix una depressi\u00f3 ho pot arribar a passar molt malament, per tant, <b>\u00e9s important tractar-se<\/b> per poder sobreposar-se a aquesta situaci\u00f3.<\/p>\n<p>&nbsp;<\/p>\n<p><b>SIMPTOMATOLOGIA CARACTERISTICA DE LA DEPRESSI\u00d3<\/b><\/p>\n<ul>\n<li>Estat d\u2019\u00e0nim trist de forma persistent<\/li>\n<li>Disminuci\u00f3 acusada de l\u2019 inter\u00e8s o el plaer en diverses \u00e0rees.<\/li>\n<li>Sentiments de desesperan\u00e7a i pessimisme<\/li>\n<li>Disminuci\u00f3 de l\u2019 inter\u00e8s o la capacitat per gaudir en activitats que abans es gaudia, fins i tot l\u2019activitat sexual.<\/li>\n<li>P\u00e8rdua o augment de pes i\/o gana<\/li>\n<li>Insomni pertina\u00e7 o hipers\u00f2mnia<\/li>\n<li>Irritabilitat, agitaci\u00f3, inquietud.<\/li>\n<li>P\u00e8rdua d\u2019energia, fatiga, esgotament: \u201ctot es fa una muntanya\u201d<\/li>\n<li>Sentiments d\u2019inutilitat, culpa i impot\u00e8ncia<\/li>\n<li>Disminuci\u00f3 de la capacitat per pensar, concentrar-se, recordar o prendre decisions.<\/li>\n<li>Pensaments recurrents de mort o idees de su\u00efcidi. Intents de su\u00efcidi.<\/li>\n<li>Queixes som\u00e0tiques inespec\u00edfiques.<\/li>\n<\/ul>\n<p>&nbsp;<\/p>\n<p><b>TIPUS DE DEPRESSIO<\/b><\/p>\n<p>Segons les causes, els desencadenants, la duraci\u00f3, la gravetat,\u00a0 el tipus de s\u00edmptomes \u00a0que es\u00a0 presenten i el moment vital del malalt, podem parlar de diferents tipus depressi\u00f3: Des d\u2019un trastorn adaptatiu amb estat d\u2019\u00e0nim depressiu lleu,\u00a0 fins a una depressi\u00f3 greu i recurrent.<\/p>\n<p>&nbsp;<\/p>\n<p><b>COM TRACTEM LA DEPRESSIO A <b><a title=\"web Psicologia Clinica Sant Andreu\" href=\"http:\/\/www.psicologiasantandreu.es\/\" target=\"_blank\" rel=\"noopener\">PSICOLOGIA CLINICA SANT ANDREU<\/a>\u00a0<\/b>?<\/b><\/p>\n<p>1)\u00a0\u00a0 Fent un diagn\u00f2stic acurat del tipus de depressi\u00f3:<\/p>\n<ul>\n<li>A Psicologia Cl\u00ednica\u00a0 Sant Andreu tractem amb un abordatge psicoterap\u00e8utic\u00a0 trastorns adaptatius\u00a0 amb estat d\u2019\u00e0nim depressiu i\/o ansietat,\u00a0 dols,\u00a0 dist\u00edmies , depressions resistents, recurrents i at\u00edpiques i depressions majors lleus i moderades.<\/li>\n<li>En cas de depressi\u00f3 major moderada o greu amb alt risc personal, laboral o social, derivem els pacients al metge de cap\u00e7alera i\/o psiquiatre de refer\u00e8ncia perqu\u00e8 valorin a m\u00e9s a m\u00e9s del tractament psicol\u00f2gic l\u2019administraci\u00f3 d\u2019un tractament farmacol\u00f2gic.<\/li>\n<li>Les depressions associades a un\u00a0 consum important de drogues, les tractem conjuntament amb els centres d\u2019 acollida i seguiment de les toxicomanies.<\/li>\n<li>derivem a urg\u00e8ncies per a la seva hospitalitzaci\u00f3 als pacients amb risc autol\u00edtic elevat o inhibici\u00f3 extrema.<\/li>\n<\/ul>\n<p>&nbsp;<\/p>\n<p>2)\u00a0\u00a0 Oferint el treball psicoterap\u00e8utic que s\u2019ajusti m\u00e9s a les necessitats de cada persona (ter\u00e0pia breu, focal, psicoanal\u00edtica, EMDR, etc.) \u00a0i que permeti:<\/p>\n<ul>\n<li>Descobrir, identificar i descriure els desencadenants interns\u00a0 i\/o externs causants de la depressi\u00f3 per tal d\u2019entendre\u2019ls, acceptar-los, canviar-los o conviure amb ells d\u2019una altre manera m\u00e9s positiva.<\/li>\n<li>con\u00e8ixer-se a si\u00a0 mateix\u00a0 i identificar \u00a0les caracter\u00edstiques de la seva personalitat que puguin tenir a veure amb el patiment actual, perqu\u00e8 pugui treballar-les.<\/li>\n<li>\u00a0Estimular i motivar la readaptaci\u00f3 social, laboral i familiar en el moment que comenci la millora del seu estat d\u2019\u00e0nim.<\/li>\n<\/ul>\n<p>I tot aix\u00f2, dintre d\u2019un clima de proximitat, comprensi\u00f3,\u00a0 i respecte envers la seva intimitat i el seu patiment, per tal d\u2019afavorir l\u2019expressi\u00f3 de les emocions , el desenvolupament del pensament i el canvi ps\u00edquic, que faran possible sortir de la depressi\u00f3.<\/p>\n<p>&nbsp;<\/p>\n<p>Si vost\u00e8 o alguna persona propera es veu reflectida en algun d\u2019aquests s\u00edmptomes, no es desanimi. Avui dia, hi ha molts recursos terap\u00e8utics per fer front a la depressi\u00f3 i recuperar la vitalitat, per tant, li recomanem que demani ajut el m\u00e9s aviat possible.<\/p>\n<p>&nbsp;<\/p>\n<h3 style=\"text-align: right;\"><span style=\"color: #800000;\"><em><strong><a title=\"Acces a la nostra p\u00e0gina WEB\" href=\"http:\/\/www.psicologiasantandreu.es\/\" target=\"_blank\" rel=\"noopener\"><span style=\"color: #800000;\"><em><strong>a la nostra web hi trobareu mes informaci\u00f3, podeu c<\/strong><\/em>licar aqui<\/span><\/a><\/strong><\/em><\/span><\/h3>\n<p>&nbsp;<\/p>\n","protected":false},"excerpt":{"rendered":"<p>QU\u00c8 \u00c9S LA DEPRESSI\u00d3? \u00a0La depressi\u00f3 \u00e9s un trastorn de l\u2019\u00e0rea afectiva, \u00a0que es caracteritza per una tristesa profunda i continuada i un deca\u00efment an\u00edmic tan important que provoca distorsions en el pensament i la valoraci\u00f3 que t\u00e9 la persona de s\u00ed mateixa (autoestima) i per tant comporta molt patiment. Implica una p\u00e8rdua de perspectiva [&hellip;]<\/p>\n","protected":false},"author":2,"featured_media":319,"parent":0,"menu_order":0,"comment_status":"closed","ping_status":"closed","template":"","meta":{"footnotes":""},"_links":{"self":[{"href":"http:\/\/psicologiasantandreu.es\/wordpress\/wp-json\/wp\/v2\/pages\/179"}],"collection":[{"href":"http:\/\/psicologiasantandreu.es\/wordpress\/wp-json\/wp\/v2\/pages"}],"about":[{"href":"http:\/\/psicologiasantandreu.es\/wordpress\/wp-json\/wp\/v2\/types\/page"}],"author":[{"embeddable":true,"href":"http:\/\/psicologiasantandreu.es\/wordpress\/wp-json\/wp\/v2\/users\/2"}],"replies":[{"embeddable":true,"href":"http:\/\/psicologiasantandreu.es\/wordpress\/wp-json\/wp\/v2\/comments?post=179"}],"version-history":[{"count":18,"href":"http:\/\/psicologiasantandreu.es\/wordpress\/wp-json\/wp\/v2\/pages\/179\/revisions"}],"predecessor-version":[{"id":768,"href":"http:\/\/psicologiasantandreu.es\/wordpress\/wp-json\/wp\/v2\/pages\/179\/revisions\/768"}],"wp:featuredmedia":[{"embeddable":true,"href":"http:\/\/psicologiasantandreu.es\/wordpress\/wp-json\/wp\/v2\/media\/319"}],"wp:attachment":[{"href":"http:\/\/psicologiasantandreu.es\/wordpress\/wp-json\/wp\/v2\/media?parent=179"}],"curies":[{"name":"wp","href":"https:\/\/api.w.org\/{rel}","templated":true}]}}